{"id":402,"date":"2022-06-07T19:58:43","date_gmt":"2022-06-08T00:58:43","guid":{"rendered":"https:\/\/jyj.com.co\/?page_id=402"},"modified":"2022-09-06T15:33:05","modified_gmt":"2022-09-06T20:33:05","slug":"contacto","status":"publish","type":"page","link":"https:\/\/jyj.com.co\/?page_id=402","title":{"rendered":"CONTACTO"},"content":{"rendered":"<p>[et_pb_section fb_built=\u00bb1&#8243; fullwidth=\u00bbon\u00bb admin_label=\u00bbHeader\u00bb _builder_version=\u00bb4.16&#8243; _module_preset=\u00bbdefault\u00bb custom_padding=\u00bb0px|0|0px|0px|false|false\u00bb top_divider_style=\u00bbarrow3&#8243; top_divider_color=\u00bbrgba(255,255,255,0.3)\u00bb top_divider_height=\u00bb100%\u00bb top_divider_repeat=\u00bb2x\u00bb bottom_divider_color=\u00bbrgba(255,255,255,0.33)\u00bb bottom_divider_height=\u00bb500px\u00bb global_colors_info=\u00bb{}\u00bb][et_pb_fullwidth_header title=\u00bbCONT\u00c1CTANOS\u00bb text_orientation=\u00bbcenter\u00bb content_max_width=\u00bb70%\u00bb content_max_width_tablet=\u00bb100%\u00bb content_max_width_phone=\u00bb\u00bb content_max_width_last_edited=\u00bbon|phone\u00bb _builder_version=\u00bb4.17.4&#8243; _module_preset=\u00bbdefault\u00bb title_font=\u00bbMontserrat||||||||\u00bb title_text_color=\u00bb#000060&#8243; title_font_size=\u00bb5vw\u00bb title_line_height=\u00bb1.8em\u00bb content_font=\u00bb||||||||\u00bb subhead_font=\u00bbPoppins|700||on|||||\u00bb subhead_font_size=\u00bb16px\u00bb subhead_letter_spacing=\u00bb15px\u00bb subhead_line_height=\u00bb2em\u00bb background_color=\u00bbrgba(255,255,255,0)\u00bb background_image=\u00bbhttp:\/\/jyj.com.co\/wp-content\/uploads\/2022\/06\/JJ-ASOCIADOS-12-1.jpg\u00bb custom_button_one=\u00bbon\u00bb button_one_text_size=\u00bb14px\u00bb button_one_text_color=\u00bb#000000&#8243; button_one_bg_color=\u00bb#ffffff\u00bb button_one_border_width=\u00bb14px\u00bb button_one_border_color=\u00bb#ffffff\u00bb button_one_border_radius=\u00bb0px\u00bb button_one_letter_spacing=\u00bb4px\u00bb button_one_font=\u00bbPoppins|500||on|||||\u00bb background_layout=\u00bblight\u00bb custom_margin=\u00bb0px|0px||-10px|false|false\u00bb custom_padding=\u00bb6vw|0px|6vw|0px|true|false\u00bb title_font_size_tablet=\u00bb40px\u00bb title_font_size_last_edited=\u00bboff|desktop\u00bb subhead_font_size_tablet=\u00bb40px\u00bb subhead_font_size_last_edited=\u00bboff|desktop\u00bb subhead_letter_spacing_tablet=\u00bb\u00bb subhead_letter_spacing_phone=\u00bb0px\u00bb subhead_letter_spacing_last_edited=\u00bbon|phone\u00bb button_one_border_color_hover=\u00bb#ecd5c5&#8243; button_one_border_radius_hover=\u00bb0px\u00bb button_one_letter_spacing_hover=\u00bb4px\u00bb button_one_bg_color_hover=\u00bb#ecd5c5&#8243; global_colors_info=\u00bb{}\u00bb button_one_text_size__hover_enabled=\u00bboff\u00bb button_two_text_size__hover_enabled=\u00bboff\u00bb button_one_text_color__hover_enabled=\u00bboff\u00bb button_two_text_color__hover_enabled=\u00bboff\u00bb button_one_border_width__hover_enabled=\u00bboff\u00bb button_two_border_width__hover_enabled=\u00bboff\u00bb button_one_border_color__hover_enabled=\u00bbon\u00bb button_one_border_color__hover=\u00bb#ecd5c5&#8243; button_two_border_color__hover_enabled=\u00bboff\u00bb button_one_border_radius__hover_enabled=\u00bbon\u00bb button_one_border_radius__hover=\u00bb0px\u00bb button_two_border_radius__hover_enabled=\u00bboff\u00bb button_one_letter_spacing__hover_enabled=\u00bbon\u00bb button_one_letter_spacing__hover=\u00bb4px\u00bb button_two_letter_spacing__hover_enabled=\u00bboff\u00bb button_one_bg_color__hover_enabled=\u00bbon\u00bb button_one_bg_color__hover=\u00bb#ecd5c5&#8243; button_two_bg_color__hover_enabled=\u00bboff\u00bb][\/et_pb_fullwidth_header][\/et_pb_section][et_pb_section fb_built=\u00bb1&#8243; admin_label=\u00bbAbout Us\u00bb _builder_version=\u00bb4.17.3&#8243; _module_preset=\u00bbdefault\u00bb custom_padding=\u00bb1px|0px|1px|0px|true|false\u00bb locked=\u00bboff\u00bb global_colors_info=\u00bb{}\u00bb][et_pb_row column_structure=\u00bb1_2,1_2&#8243; _builder_version=\u00bb4.17.3&#8243; _module_preset=\u00bbdefault\u00bb min_height=\u00bb258px\u00bb custom_padding=\u00bb||0px|||\u00bb global_colors_info=\u00bb{}\u00bb][et_pb_column type=\u00bb1_2&#8243; _builder_version=\u00bb4.17.3&#8243; _module_preset=\u00bbdefault\u00bb global_colors_info=\u00bb{}\u00bb][et_pb_text _builder_version=\u00bb4.17.4&#8243; _module_preset=\u00bbdefault\u00bb text_font=\u00bbMontserrat||||||||\u00bb text_text_color=\u00bb#000060&#8243; text_font_size=\u00bb52px\u00bb text_orientation=\u00bbcenter\u00bb custom_padding=\u00bb||8px|||\u00bb text_font_size_tablet=\u00bb52px\u00bb text_font_size_phone=\u00bb40px\u00bb text_font_size_last_edited=\u00bbon|phone\u00bb global_colors_info=\u00bb{}\u00bb]<\/p>\n<p>HORARIOS<\/p>\n<p>[\/et_pb_text][dipl_business_hours _builder_version=\u00bb4.17.4&#8243; _module_preset=\u00bbdefault\u00bb max_width=\u00bb300px\u00bb module_alignment=\u00bbcenter\u00bb hover_enabled=\u00bb0&#8243; global_colors_info=\u00bb{}\u00bb sticky_enabled=\u00bb0&#8243;][dipl_business_hours_item business_day=\u00bbLUNES\u00bb business_time=\u00bb7:00 AM A 17:00 PM\u00bb _builder_version=\u00bb4.17.4&#8243; _module_preset=\u00bbdefault\u00bb day_font=\u00bbMontserrat||||||||\u00bb day_font_size=\u00bb13px\u00bb time_font=\u00bbMontserrat||||||||\u00bb time_font_size=\u00bb13px\u00bb hover_enabled=\u00bb0&#8243; global_colors_info=\u00bb{}\u00bb sticky_enabled=\u00bb0&#8243;][\/dipl_business_hours_item][dipl_business_hours_item business_day=\u00bbMARTES \u00bb business_time=\u00bb7:00 AM A 17:00 PM\u00bb _builder_version=\u00bb4.17.4&#8243; _module_preset=\u00bbdefault\u00bb day_font=\u00bbMontserrat||||||||\u00bb time_font=\u00bbMontserrat||||||||\u00bb time_font_size=\u00bb13px\u00bb hover_enabled=\u00bb0&#8243; global_colors_info=\u00bb{}\u00bb sticky_enabled=\u00bb0&#8243;][\/dipl_business_hours_item][dipl_business_hours_item business_day=\u00bbMIERCOLES\u00bb business_time=\u00bb7:00 AM A 17:00 PM\u00bb _builder_version=\u00bb4.17.4&#8243; _module_preset=\u00bbdefault\u00bb day_font=\u00bbMontserrat||||||||\u00bb day_font_size=\u00bb13px\u00bb time_font=\u00bbMontserrat||||||||\u00bb time_font_size=\u00bb13px\u00bb hover_enabled=\u00bb0&#8243; global_colors_info=\u00bb{}\u00bb sticky_enabled=\u00bb0&#8243;][\/dipl_business_hours_item][dipl_business_hours_item business_day=\u00bbJUEVES\u00bb business_time=\u00bb7:00 AM A 17:00 PM\u00bb _builder_version=\u00bb4.17.4&#8243; _module_preset=\u00bbdefault\u00bb day_font=\u00bbMontserrat||||||||\u00bb day_font_size=\u00bb13px\u00bb time_font=\u00bbMontserrat||||||||\u00bb time_font_size=\u00bb13px\u00bb hover_enabled=\u00bb0&#8243; global_colors_info=\u00bb{}\u00bb sticky_enabled=\u00bb0&#8243;][\/dipl_business_hours_item][dipl_business_hours_item business_day=\u00bbVIERNES\u00bb business_time=\u00bb7:00 AM A 17:00 PM\u00bb _builder_version=\u00bb4.17.4&#8243; _module_preset=\u00bbdefault\u00bb day_font=\u00bbMontserrat||||||||\u00bb day_font_size=\u00bb13px\u00bb time_font=\u00bbMontserrat||||||||\u00bb time_font_size=\u00bb13px\u00bb hover_enabled=\u00bb0&#8243; global_colors_info=\u00bb{}\u00bb sticky_enabled=\u00bb0&#8243;][\/dipl_business_hours_item][dipl_business_hours_item business_day=\u00bbS\u00c1BADO\u00bb business_time=\u00bb8:00 AM A 12:00 M\u00bb _builder_version=\u00bb4.17.4&#8243; _module_preset=\u00bbdefault\u00bb day_font=\u00bbMontserrat||||||||\u00bb day_font_size=\u00bb13px\u00bb time_font=\u00bbMontserrat||||||||\u00bb time_font_size=\u00bb13px\u00bb hover_enabled=\u00bb0&#8243; global_colors_info=\u00bb{}\u00bb sticky_enabled=\u00bb0&#8243;][\/dipl_business_hours_item][dipl_business_hours_item business_day=\u00bbDOMINGO\u00bb business_time=\u00bbCERRADO\u00bb _builder_version=\u00bb4.17.4&#8243; _module_preset=\u00bbdefault\u00bb day_font=\u00bbMontserrat||||||||\u00bb day_font_size=\u00bb13px\u00bb time_font=\u00bbMontserrat||||||||\u00bb time_text_align=\u00bbcenter\u00bb time_font_size=\u00bb13px\u00bb global_colors_info=\u00bb{}\u00bb][\/dipl_business_hours_item][\/dipl_business_hours][\/et_pb_column][et_pb_column type=\u00bb1_2&#8243; _builder_version=\u00bb4.17.3&#8243; _module_preset=\u00bbdefault\u00bb global_colors_info=\u00bb{}\u00bb][et_pb_text _builder_version=\u00bb4.17.4&#8243; _module_preset=\u00bbdefault\u00bb text_font=\u00bbMontserrat||||||||\u00bb text_text_color=\u00bb#000060&#8243; text_font_size=\u00bb52px\u00bb text_orientation=\u00bbcenter\u00bb text_font_size_tablet=\u00bb52px\u00bb text_font_size_phone=\u00bb40px\u00bb text_font_size_last_edited=\u00bbon|phone\u00bb global_colors_info=\u00bb{}\u00bb]<\/p>\n<p>CONTACTO<\/p>\n<p>[\/et_pb_text][et_pb_text _builder_version=\u00bb4.17.4&#8243; _module_preset=\u00bbdefault\u00bb text_font=\u00bbMontserrat||||||||\u00bb text_font_size=\u00bb16px\u00bb width=\u00bb97.5%\u00bb min_height=\u00bb123px\u00bb custom_margin=\u00bb0px||0px|0px|true|false\u00bb custom_padding=\u00bb|0px|19px|||\u00bb global_colors_info=\u00bb{}\u00bb]<\/p>\n<p style=\"text-align: center;\">+57 310 0098762<br \/>walter.agredo@gmail.com<\/p>\n<p>[\/et_pb_text][\/et_pb_column][\/et_pb_row][\/et_pb_section][et_pb_section fb_built=\u00bb1&#8243; admin_label=\u00bbWhat we do\u00bb _builder_version=\u00bb4.17.3&#8243; _module_preset=\u00bbdefault\u00bb background_color=\u00bb#e2ebf9&#8243; custom_padding=\u00bb39px|0px|39px|0px|true|false\u00bb top_divider_style=\u00bbarrow3&#8243; top_divider_color=\u00bbrgba(255,255,255,0.56)\u00bb top_divider_height=\u00bb500px\u00bb top_divider_repeat=\u00bb2x\u00bb bottom_divider_color=\u00bbrgba(255,255,255,0.55)\u00bb bottom_divider_repeat=\u00bb2x\u00bb global_colors_info=\u00bb{}\u00bb][et_pb_row column_structure=\u00bb2_5,3_5&#8243; _builder_version=\u00bb4.17.3&#8243; _module_preset=\u00bbdefault\u00bb global_colors_info=\u00bb{}\u00bb][et_pb_column type=\u00bb2_5&#8243; _builder_version=\u00bb4.17.3&#8243; _module_preset=\u00bbdefault\u00bb global_colors_info=\u00bb{}\u00bb][et_pb_text _builder_version=\u00bb4.17.4&#8243; _module_preset=\u00bbdefault\u00bb text_font=\u00bbMontserrat||||||||\u00bb text_text_color=\u00bb#000060&#8243; text_font_size=\u00bb71px\u00bb text_orientation=\u00bbcenter\u00bb min_height=\u00bb23px\u00bb custom_margin=\u00bb13px|||||\u00bb text_font_size_tablet=\u00bb71px\u00bb text_font_size_phone=\u00bb54px\u00bb text_font_size_last_edited=\u00bbon|phone\u00bb global_colors_info=\u00bb{}\u00bb]<\/p>\n<p>AGENDA<\/p>\n<p>[\/et_pb_text][et_pb_text _builder_version=\u00bb4.17.4&#8243; _module_preset=\u00bbdefault\u00bb text_font=\u00bbMontserrat||||||||\u00bb text_text_color=\u00bb#000060&#8243; text_font_size=\u00bb41px\u00bb text_orientation=\u00bbcenter\u00bb global_colors_info=\u00bb{}\u00bb]<\/p>\n<p>TU PEDIDO<\/p>\n<p>[\/et_pb_text][\/et_pb_column][et_pb_column type=\u00bb3_5&#8243; _builder_version=\u00bb4.17.3&#8243; _module_preset=\u00bbdefault\u00bb global_colors_info=\u00bb{}\u00bb][et_pb_text _builder_version=\u00bb4.17.4&#8243; _module_preset=\u00bbdefault\u00bb text_font=\u00bbMontserrat||||||||\u00bb text_orientation=\u00bbcenter\u00bb custom_margin=\u00bb0px|71px|0px|71px|true|true\u00bb custom_padding=\u00bb0px|||0px|false|false\u00bb global_colors_info=\u00bb{}\u00bb]<\/p>\n<p>Si est\u00e1s interesado y deseas m\u00e1s informaci\u00f3n, comunicate con nosotros, con gusto te brindaremos asesor\u00eda especializada \u00a0<\/p>\n<p>[\/et_pb_text][et_pb_button button_text=\u00bbASESOR\u00cdA\u00bb button_alignment=\u00bbcenter\u00bb _builder_version=\u00bb4.17.4&#8243; _module_preset=\u00bbdefault\u00bb custom_button=\u00bbon\u00bb button_text_size=\u00bb18px\u00bb button_bg_color=\u00bb#000060&#8243; button_border_width=\u00bb0px\u00bb button_border_radius=\u00bb5px\u00bb button_font=\u00bbMontserrat||||||||\u00bb background_layout=\u00bbdark\u00bb custom_margin=\u00bb16px|0px||0px|false|true\u00bb custom_padding=\u00bb|18px||||\u00bb global_colors_info=\u00bb{}\u00bb][\/et_pb_button][\/et_pb_column][\/et_pb_row][\/et_pb_section][et_pb_section fb_built=\u00bb1&#8243; _builder_version=\u00bb4.17.4&#8243; _module_preset=\u00bbdefault\u00bb min_height=\u00bb310px\u00bb custom_margin=\u00bb||||false|false\u00bb custom_padding=\u00bb0px||0px||false|false\u00bb global_colors_info=\u00bb{}\u00bb][et_pb_row _builder_version=\u00bb4.17.4&#8243; _module_preset=\u00bbdefault\u00bb custom_padding=\u00bb||3px|||\u00bb global_colors_info=\u00bb{}\u00bb][et_pb_column type=\u00bb4_4&#8243; _builder_version=\u00bb4.17.4&#8243; _module_preset=\u00bbdefault\u00bb global_colors_info=\u00bb{}\u00bb][et_pb_text _builder_version=\u00bb4.17.4&#8243; _module_preset=\u00bbdefault\u00bb text_font=\u00bbMontserrat||||||||\u00bb text_text_color=\u00bb#000060&#8243; text_font_size=\u00bb52px\u00bb text_orientation=\u00bbcenter\u00bb custom_padding=\u00bb||8px|||\u00bb text_font_size_tablet=\u00bb52px\u00bb text_font_size_phone=\u00bb40px\u00bb text_font_size_last_edited=\u00bbon|phone\u00bb locked=\u00bboff\u00bb global_colors_info=\u00bb{}\u00bb]<\/p>\n<p>UBICACI\u00d3N<\/p>\n<p>[\/et_pb_text][\/et_pb_column][\/et_pb_row][et_pb_row _builder_version=\u00bb4.17.4&#8243; _module_preset=\u00bbdefault\u00bb global_colors_info=\u00bb{}\u00bb][et_pb_column type=\u00bb4_4&#8243; _builder_version=\u00bb4.17.4&#8243; _module_preset=\u00bbdefault\u00bb global_colors_info=\u00bb{}\u00bb][et_pb_code _builder_version=\u00bb4.17.4&#8243; _module_preset=\u00bbdefault\u00bb global_colors_info=\u00bb{}\u00bb]<iframe src=\"https:\/\/www.google.com\/maps\/embed?pb=!1m14!1m8!1m3!1d15866.16554932136!2d-75.5903078!3d6.1920623!3m2!1i1024!2i768!4f13.1!3m3!1m2!1s0x0%3A0xcc61a8b8bf35ff1a!2sBotones%20JYJ%20Asociados!5e0!3m2!1ses!2sco!4v1654181096722!5m2!1ses!2sco\" width=\"1350\" height=\"350\" style=\"border:0;\" allowfullscreen=\"\" loading=\"lazy\" referrerpolicy=\"no-referrer-when-downgrade\"><\/iframe>[\/et_pb_code][\/et_pb_column][\/et_pb_row][\/et_pb_section]<\/p>\n","protected":false},"excerpt":{"rendered":"<p>HORARIOS<div class=\"et_pb_module dipl_business_hours dipl_business_hours_0\">\n\t\t\t\t\n\t\t\t\t\n\t\t\t\t\n\t\t\t\t\n\t\t\t\t\n\t\t\t\t\n\t\t\t\t<div class=\"et_pb_module_inner\">\n\t\t\t\t\t\n\t\t\t\t<\/div>\n\t\t\t<\/div><div class=\"et_pb_module dipl_business_hours_item dipl_business_hours_item_0\">\n\t\t\t\t\n\t\t\t\t\n\t\t\t\t\n\t\t\t\t\n\t\t\t\t\n\t\t\t\t\n\t\t\t\t<div class=\"et_pb_module_inner\">\n\t\t\t\t\t<div class=\"dipl_business_hour_wrapper\"><div class=\"dipl_business_day\">LUNES<\/div><div class=\"dipl_business_time\">7:00 AM A 17:00 PM<\/div><\/div>\n\t\t\t\t<\/div>\n\t\t\t<\/div><div class=\"et_pb_module dipl_business_hours_item dipl_business_hours_item_1\">\n\t\t\t\t\n\t\t\t\t\n\t\t\t\t\n\t\t\t\t\n\t\t\t\t\n\t\t\t\t\n\t\t\t\t<div class=\"et_pb_module_inner\">\n\t\t\t\t\t<div class=\"dipl_business_hour_wrapper\"><div class=\"dipl_business_day\">MARTES <\/div><div class=\"dipl_business_time\">7:00 AM A 17:00 PM<\/div><\/div>\n\t\t\t\t<\/div>\n\t\t\t<\/div><div class=\"et_pb_module dipl_business_hours_item dipl_business_hours_item_2\">\n\t\t\t\t\n\t\t\t\t\n\t\t\t\t\n\t\t\t\t\n\t\t\t\t\n\t\t\t\t\n\t\t\t\t<div class=\"et_pb_module_inner\">\n\t\t\t\t\t<div class=\"dipl_business_hour_wrapper\"><div class=\"dipl_business_day\">MIERCOLES<\/div><div class=\"dipl_business_time\">7:00 AM A 17:00 PM<\/div><\/div>\n\t\t\t\t<\/div>\n\t\t\t<\/div><div class=\"et_pb_module dipl_business_hours_item dipl_business_hours_item_3\">\n\t\t\t\t\n\t\t\t\t\n\t\t\t\t\n\t\t\t\t\n\t\t\t\t\n\t\t\t\t\n\t\t\t\t<div class=\"et_pb_module_inner\">\n\t\t\t\t\t<div class=\"dipl_business_hour_wrapper\"><div class=\"dipl_business_day\">\u00bbJUEVES\u00bb<\/div><div class=\"dipl_business_time\">\u00bb7:00<\/div><\/div>\n\t\t\t\t<\/div>\n\t\t\t<\/div><\/p>\n","protected":false},"author":1,"featured_media":0,"parent":0,"menu_order":0,"comment_status":"closed","ping_status":"closed","template":"","meta":{"_et_pb_use_builder":"on","_et_pb_old_content":"","_et_gb_content_width":"","_joinchat":[],"footnotes":""},"class_list":["post-402","page","type-page","status-publish","hentry"],"_links":{"self":[{"href":"https:\/\/jyj.com.co\/index.php?rest_route=\/wp\/v2\/pages\/402","targetHints":{"allow":["GET"]}}],"collection":[{"href":"https:\/\/jyj.com.co\/index.php?rest_route=\/wp\/v2\/pages"}],"about":[{"href":"https:\/\/jyj.com.co\/index.php?rest_route=\/wp\/v2\/types\/page"}],"author":[{"embeddable":true,"href":"https:\/\/jyj.com.co\/index.php?rest_route=\/wp\/v2\/users\/1"}],"replies":[{"embeddable":true,"href":"https:\/\/jyj.com.co\/index.php?rest_route=%2Fwp%2Fv2%2Fcomments&post=402"}],"version-history":[{"count":19,"href":"https:\/\/jyj.com.co\/index.php?rest_route=\/wp\/v2\/pages\/402\/revisions"}],"predecessor-version":[{"id":607,"href":"https:\/\/jyj.com.co\/index.php?rest_route=\/wp\/v2\/pages\/402\/revisions\/607"}],"wp:attachment":[{"href":"https:\/\/jyj.com.co\/index.php?rest_route=%2Fwp%2Fv2%2Fmedia&parent=402"}],"curies":[{"name":"wp","href":"https:\/\/api.w.org\/{rel}","templated":true}]}}